{"id":26,"date":"2017-06-10T19:28:54","date_gmt":"2017-06-10T19:28:54","guid":{"rendered":"http:\/\/www.diffrakcio.hu\/?page_id=26"},"modified":"2018-12-18T13:48:14","modified_gmt":"2018-12-18T13:48:14","slug":"proba","status":"publish","type":"page","link":"https:\/\/diffrakcio.hu\/","title":{"rendered":"K\u00f6sz\u00f6nt\u0151!"},"content":{"rendered":"<p>~\u00d6r\u00f6mmel tudatjuk a tisztelt Tags\u00e1ggal, hogy elindult a Diffrakci\u00f3s Szakcsoport \u00faj honlapja.~<\/p>\n<p>Szeretettel k\u00f6sz\u00f6ntj\u00fck az <a href=\"http:\/\/elft.hu\/\">E\u00f6tv\u00f6s Lor\u00e1nd Fizikai T\u00e1rsulat<\/a> (ELFT) Diffrakci\u00f3s Szakcsoportj\u00e1nak oldal\u00e1n!<\/p>\n<p>C\u00e9lunk, hogy a tags\u00e1gnak \u00e9s minden szakmai \u00e9rdekl\u0151d\u0151nek inform\u00e1ci\u00f3t ny\u00fajtsunk a szakter\u00fcleten zajl\u00f3 aktu\u00e1lis kutat\u00e1si t\u00e9m\u00e1kr\u00f3l, lehet\u0151s\u00e9get biztos\u00edtsunk a fiatal gener\u00e1ci\u00f3nak a szakmai t\u00e1j\u00e9koz\u00f3d\u00e1sra.<\/p>\n<p>R\u00e9szt k\u00edv\u00e1nunk venni olyan esem\u00e9nyeken ahol kurrens szakmai diszkusszi\u00f3k zajlanak, hozz\u00e1j\u00e1rulni az ELFT \u00e1ltal szervezett V\u00e1ndorgy\u0171l\u00e9s szakmai\u00a0 programj\u00e1nak \u00f6ssze\u00e1ll\u00edt\u00e1s\u00e1hoz.<\/p>\n<p><strong>\u00a0<\/strong><\/p>\n<p><img loading=\"lazy\" decoding=\"async\" class=\"size-medium wp-image-211 aligncenter\" src=\"http:\/\/www.diffrakcio.hu\/wp-content\/uploads\/2018\/01\/hirek-300x84.jpg\" alt=\"\" width=\"300\" height=\"84\" srcset=\"https:\/\/diffrakcio.hu\/wp-content\/uploads\/2018\/01\/hirek-300x84.jpg 300w, https:\/\/diffrakcio.hu\/wp-content\/uploads\/2018\/01\/hirek.jpg 423w\" sizes=\"auto, (max-width: 300px) 100vw, 300px\" \/><\/p>\n<div style=\"text-align: center;\">\u00a0\u00a0 A <b><i>XII. Orsz\u00e1gos Anyagtudom\u00e1nyi Konferenci\u00e1t<\/i><\/b><\/div>\n<div style=\"text-align: center;\"><b>2019. okt\u00f3ber 13-15.<\/b><\/div>\n<div><\/div>\n<div style=\"text-align: center;\">k\u00f6z\u00f6tt Balatonkenes\u00e9n, a Telekom Hotelban rendezik.<\/div>\n<div><\/div>\n<div style=\"text-align: center;\"><\/div>\n<div style=\"text-align: center;\">A konferencia \u00e9s a hozz\u00e1 kapcsol\u00f3d\u00f3 ki\u00e1ll\u00edt\u00e1s nagyszer\u0171 lehet\u0151s\u00e9get teremt\u00a0 f\u00e9mekkel \u00e9s \u00f6tv\u00f6zetekkel, ker\u00e1mi\u00e1kkal \u00e9s szilik\u00e1tokkal, polimerekkel \u00e9s kompozitokkal foglalkoz\u00f3 szakemberek tudom\u00e1nyos munk\u00e1inak bemutat\u00e1s\u00e1ra, ismereteinek b\u0151v\u00edt\u00e9s\u00e9re, ill, szakmai egy\u00fcttm\u0171k\u00f6d\u00e9sek l\u00e9trehoz\u00e1s\u00e1ra.<\/div>\n<div style=\"text-align: center;\">\u00a0Tov\u00e1bbi inform\u00e1ci\u00f3 a konferencia weboldalon: https:\/\/oatk.hu\/<\/div>\n<div><\/div>\n<div><\/div>\n<div><\/div>\n<div style=\"text-align: center;\">*****************************************************************************<\/div>\n<div><\/div>\n<div style=\"text-align: center;\"><strong>Tiszt\u00faj\u00edt\u00e1s a Diffrakci\u00f3s Szakcsoportban<\/strong><\/div>\n<div>\n<p style=\"text-align: center;\">A Jel\u00f6l\u0151 Bizotts\u00e1g eredm\u00e9nyes munk\u00e1j\u00e1nak k\u00f6sz\u00f6nhet\u0151en, az elm\u00falt hetekben sikeresen lezajlott a Diffrakci\u00f3s Szakcsoport tiszt\u00faj\u00edt\u00e1sa.<\/p>\n<p style=\"text-align: center;\">A megv\u00e1lasztott eln\u00f6ks\u00e9g janu\u00e1r 1-t\u0151l veszi \u00e1t a tiszts\u00e9get.<\/p>\n<p style=\"text-align: center;\">Eln\u00f6k: Jenei P\u00e9ter, ELTE TTK<\/p>\n<p style=\"text-align: center;\">Titk\u00e1r: Kolonits Tam\u00e1s, MTA EK MFA\/ELTE<\/p>\n<p style=\"text-align: center;\">Gratul\u00e1lunk, sikeres munk\u00e1t k\u00edv\u00e1nunk!<\/p>\n<\/div>\n","protected":false},"excerpt":{"rendered":"<p>~\u00d6r\u00f6mmel tudatjuk a tisztelt Tags\u00e1ggal, hogy elindult a Diffrakci\u00f3s Szakcsoport \u00faj honlapja.~ Szeretettel k\u00f6sz\u00f6ntj\u00fck az E\u00f6tv\u00f6s Lor\u00e1nd Fizikai T\u00e1rsulat (ELFT) Diffrakci\u00f3s Szakcsoportj\u00e1nak oldal\u00e1n! C\u00e9lunk, hogy a tags\u00e1gnak \u00e9s minden szakmai \u00e9rdekl\u0151d\u0151nek inform\u00e1ci\u00f3t ny\u00fajtsunk a szakter\u00fcleten zajl\u00f3 aktu\u00e1lis kutat\u00e1si t\u00e9m\u00e1kr\u00f3l, lehet\u0151s\u00e9get &hellip; <a href=\"https:\/\/diffrakcio.hu\/\">Continue reading <span class=\"meta-nav\">&rarr;<\/span><\/a><\/p>\n","protected":false},"author":1,"featured_media":0,"parent":0,"menu_order":0,"comment_status":"closed","ping_status":"closed","template":"","meta":{"footnotes":""},"class_list":["post-26","page","type-page","status-publish","hentry"],"_links":{"self":[{"href":"https:\/\/diffrakcio.hu\/index.php\/wp-json\/wp\/v2\/pages\/26","targetHints":{"allow":["GET"]}}],"collection":[{"href":"https:\/\/diffrakcio.hu\/index.php\/wp-json\/wp\/v2\/pages"}],"about":[{"href":"https:\/\/diffrakcio.hu\/index.php\/wp-json\/wp\/v2\/types\/page"}],"author":[{"embeddable":true,"href":"https:\/\/diffrakcio.hu\/index.php\/wp-json\/wp\/v2\/users\/1"}],"replies":[{"embeddable":true,"href":"https:\/\/diffrakcio.hu\/index.php\/wp-json\/wp\/v2\/comments?post=26"}],"version-history":[{"count":53,"href":"https:\/\/diffrakcio.hu\/index.php\/wp-json\/wp\/v2\/pages\/26\/revisions"}],"predecessor-version":[{"id":260,"href":"https:\/\/diffrakcio.hu\/index.php\/wp-json\/wp\/v2\/pages\/26\/revisions\/260"}],"wp:attachment":[{"href":"https:\/\/diffrakcio.hu\/index.php\/wp-json\/wp\/v2\/media?parent=26"}],"curies":[{"name":"wp","href":"https:\/\/api.w.org\/{rel}","templated":true}]}}